{"id":1502,"date":"2025-12-09T02:59:06","date_gmt":"2025-12-09T01:59:06","guid":{"rendered":"https:\/\/nk.comunicazione.co\/chi-siamo\/"},"modified":"2026-03-31T14:06:42","modified_gmt":"2026-03-31T12:06:42","slug":"qui-sommes-nous","status":"publish","type":"page","link":"https:\/\/nk.comunicazione.co\/fr\/qui-sommes-nous\/","title":{"rendered":"Qui sommes-nous"},"content":{"rendered":"<section id=\"block-block_df6b15a2b5aa3f029bdd8861c7d5d6fb\" class=\"nk-blocks-half-image bg-light vector-top\">\r\n    <div class=\"container\">\r\n        <div class=\"row align-items-center\">\r\n            <!-- Image column -->\r\n            <div class=\"col-md col-xl-5 order-md-2\">\r\n                                                            <img decoding=\"async\" src=\"https:\/\/nk.comunicazione.co\/wp-content\/uploads\/mission.png\" alt=\"\" \/>\r\n                                                <\/div>\r\n            <!-- Content column -->\r\n            <div class=\"col-md col-xl-4 offset-xl-1 order-md-1\">\r\n                                    <h2 class=\"title\">\r\n                        Mission                    <\/h2>\r\n                                                    <h3 class=\"subtitle\">Make it possible.<\/h3>\r\n                                                    <div class=\"caption\">\r\n                        <p>Gr\u00e2ce \u00e0 des solutions innovantes et sur mesure, nous transformons le cacao, les noisettes et les pistaches en p\u00e2tes \u00e0 tartiner et en produits semi-finis d&rsquo;excellence. Tout est possible lorsque la qualit\u00e9 et le savoir-faire italien s&rsquo;associent \u00e0 une fili\u00e8re courte, tra\u00e7able et durable.<\/p>\n                    <\/div>\r\n                                            <\/div>\r\n        <\/div>\r\n    <\/div>\r\n<\/section>\r\n\n\n<section id=\"block-block_181d6199ee6a41e42e11795a2f046a62\" class=\"nk-blocks-half-image bg-grey\">\r\n    <div class=\"container\">\r\n        <div class=\"row align-items-center\">\r\n            <!-- Image column -->\r\n            <div class=\"col-md\">\r\n                                                            <img decoding=\"async\" src=\"https:\/\/nk.comunicazione.co\/wp-content\/uploads\/vision.png\" alt=\"\" \/>\r\n                                                <\/div>\r\n            <!-- Content column -->\r\n            <div class=\"col-md\">\r\n                                    <h2 class=\"title\">\r\n                        <strong>Vision<\/strong>                    <\/h2>\r\n                                                    <h3 class=\"subtitle\">Make it sweet.<\/h3>\r\n                                                    <div class=\"caption\">\r\n                        <p>Nous apportons de la douceur dans le monde, produisant ainsi un effet positif sur les personnes, les clients, les communaut\u00e9s et la plan\u00e8te. Plus qu&rsquo;une fabrique de bonheur, nous sommes votre partenaire d&rsquo;innovation, qui inspire et \u00e9tablit de nouvelles normes en mati\u00e8re de qualit\u00e9 et de durabilit\u00e9.<\/p>\n                    <\/div>\r\n                                            <\/div>\r\n        <\/div>\r\n    <\/div>\r\n<\/section>\r\n\n\n<section id=\"block-block_c654b0736a420baa7a7deb8a3dd91422\" class=\"nk-blocks-timeline bg-primary\">\r\n            <h2 class=\"title text-center\">\r\n            La Nostra <strong>Storia<\/strong>\n        <\/h2>\r\n    \r\n            <div class=\"swiper date-swiper\">\r\n            <div class=\"swiper-wrapper\">\r\n                                                        <div class=\"swiper-slide\">\r\n                        <div class=\"date row align-items-center\">\r\n                                                            <div class=\"year col-auto\">1982<\/div>\r\n                                                                                        <div class=\"title col\">Les origines<\/div>\r\n                                                    <\/div>\r\n                                                    <div class=\"caption\"><p>L\u2019id\u00e9e de proposer des p\u00e2tes \u00e0 tartiner de qualit\u00e9, fruit d\u2019une passion et d\u2019un savoir-faire artisanal, voit le jour. C&rsquo;est le d\u00e9but d&rsquo;un parcours fait de recherche, de go\u00fbt et d&rsquo;attention.<\/p>\n<\/div>\r\n                                            <\/div>\r\n                                                        <div class=\"swiper-slide\">\r\n                        <div class=\"date row align-items-center\">\r\n                                                            <div class=\"year col-auto\">2001<\/div>\r\n                                                                                        <div class=\"title col\">Le saut de qualit\u00e9<\/div>\r\n                                                    <\/div>\r\n                                                    <div class=\"caption\"><p>Nutkao d\u00e9m\u00e9nage \u00e0 Govone, dans une usine plus grande et plus moderne, pour soutenir sa croissance et le d\u00e9veloppement de sa production.<\/p>\n<\/div>\r\n                                            <\/div>\r\n                                                        <div class=\"swiper-slide\">\r\n                        <div class=\"date row align-items-center\">\r\n                                                            <div class=\"year col-auto\">2010<\/div>\r\n                                                                                        <div class=\"title col\">L\u2019ouverture \u00e0 de nouveaux march\u00e9s<\/div>\r\n                                                    <\/div>\r\n                                                    <div class=\"caption\"><p>Nutkao franchit les fronti\u00e8res et porte son excellence sur de nouveaux march\u00e9s : c\u2019est le d\u00e9but des exportations vers les \u00c9tats-Unis, l&rsquo;Am\u00e9rique du Sud, l&rsquo;Australie, le Moyen-Orient, la Chine et l&rsquo;Afrique du Nord.<\/p>\n<\/div>\r\n                                            <\/div>\r\n                                                        <div class=\"swiper-slide\">\r\n                        <div class=\"date row align-items-center\">\r\n                                                            <div class=\"year col-auto\">2015<\/div>\r\n                                                                                        <div class=\"title col\"> Par-del\u00e0 l&#039;Europe  <\/div>\r\n                                                    <\/div>\r\n                                                    <div class=\"caption\"><p>Nutkao ouvre une nouvelle usine aux \u00c9tats-Unis, \u00e0 Battleboro (Caroline du Nord), pour r\u00e9pondre aux besoins du march\u00e9 am\u00e9ricain.<\/p>\n<\/div>\r\n                                            <\/div>\r\n                                                        <div class=\"swiper-slide\">\r\n                        <div class=\"date row align-items-center\">\r\n                                                            <div class=\"year col-auto\">2018<\/div>\r\n                                                                                        <div class=\"title col\">La fili\u00e8re du cacao<\/div>\r\n                                                    <\/div>\r\n                                                    <div class=\"caption\"><p>Nutkao ouvre son nouveau centre de production \u00e0 Accra, au Ghana, pour le contr\u00f4le direct de la fili\u00e8re.<\/p>\n<\/div>\r\n                                            <\/div>\r\n                                                        <div class=\"swiper-slide\">\r\n                        <div class=\"date row align-items-center\">\r\n                                                            <div class=\"year col-auto\">2021<\/div>\r\n                                                                                        <div class=\"title col\"> Le renforcement europ\u00e9en<\/div>\r\n                                                    <\/div>\r\n                                                    <div class=\"caption\"><p>Nutkao acquiert la soci\u00e9t\u00e9 belge Boerinneke, \u00e9largissant ainsi ses comp\u00e9tences et sa capacit\u00e9 de production.<\/p>\n<\/div>\r\n                                            <\/div>\r\n                                                        <div class=\"swiper-slide\">\r\n                        <div class=\"date row align-items-center\">\r\n                                                            <div class=\"year col-auto\">2023<\/div>\r\n                                                                                        <div class=\"title col\">La dimension mondiale<\/div>\r\n                                                    <\/div>\r\n                                                    <div class=\"caption\"><p>Nutkao est implant\u00e9 dans plus de 80 pays \u00e0 travers le monde en tant que groupe international.<\/p>\n<\/div>\r\n                                            <\/div>\r\n                                                        <div class=\"swiper-slide\">\r\n                        <div class=\"date row align-items-center\">\r\n                                                            <div class=\"year col-auto\">2024<\/div>\r\n                                                                                        <div class=\"title col\">Un nouveau chapitre<\/div>\r\n                                                    <\/div>\r\n                                                    <div class=\"caption\"><p>Nutkao rejoint le groupe Al Mada, inaugurant une nouvelle phase de croissance.<\/p>\n<\/div>\r\n                                            <\/div>\r\n                            <\/div>\r\n            <div class=\"swiper-button-next\"><\/div>\r\n            <div class=\"swiper-button-prev\"><\/div>\r\n            <div class=\"swiper-pagination\"><\/div>\r\n        <\/div>\r\n    \r\n            <div class=\"container\">\r\n            <div class=\"row text-center\">\r\n                <div class=\"col\">\r\n                    <a class=\"btn btn-link\" href=\"#\" target=\"\">\r\n                        Scopri di pi\u00f9                    <\/a>\r\n                <\/div>\r\n            <\/div>\r\n        <\/div>\r\n    <\/section>\r\n\n\n<section id=\"block-block_fcb93475b0b40aa6d72577c805b24d86\" class=\"nk-blocks-card-swiper bg-light vector-bottom alternative\">\r\n    <div class=\"container\">\r\n                                                        <div class=\"row text-center\">\r\n                        <div class=\"col\">\r\n                            <h2 class=\"title\">\r\n                                <strong>L\u2019entreprise<\/strong>\n                            <\/h2>\r\n                        <\/div>\r\n                    <\/div>\r\n                                                    <div class=\"row text-center\">\r\n                        <div class=\"col\">\r\n                            <div class=\"caption\">\r\n                                <p><p>Depuis plus de trente ans, Nutkao grandit avec ses partenaires, alliant innovation, qualit\u00e9 et responsabilit\u00e9. Aujourd&rsquo;hui, nous sommes une entreprise internationale avec de solides racines italiennes et une vision tourn\u00e9e vers l&rsquo;avenir.<\/p>\n<\/p>\r\n                            <\/div>\r\n                        <\/div>\r\n                    <\/div>\r\n                                    \r\n                    <div class=\"row\">\r\n                <div class=\"col\">\r\n                    <div class=\"swiper card-swiper\">\r\n                        <div class=\"swiper-wrapper\">\r\n                                                                                            <div class=\"swiper-slide\">\r\n                                                                                                                        <a href=\"#\" target=\"\">\r\n                                                                                    <div class=\"card-image\">\r\n                                                                                                    <img decoding=\"async\" src=\"https:\/\/nk.comunicazione.co\/wp-content\/uploads\/about-societa-1.png\" alt=\"\" \/>\r\n                                                                                                <div class=\"caption\">\r\n                                                                                                            <h3 class=\"title\">\r\n                                                            Innovazione <strong>Continua<\/strong>\n                                                                                                                            <span class=\"btn btn-light\"><\/span>\r\n                                                                                                                    <\/h3>\r\n                                                                                                                                                        <\/div>\r\n                                            <\/div>\r\n                                                                                    <\/a>\r\n                                                                                                            <\/div>\r\n                                                                                            <div class=\"swiper-slide\">\r\n                                                                                                                        <a href=\"#\" target=\"\">\r\n                                                                                    <div class=\"card-image\">\r\n                                                                                                    <img decoding=\"async\" src=\"https:\/\/nk.comunicazione.co\/wp-content\/uploads\/about-societa-2.png\" alt=\"\" \/>\r\n                                                                                                <div class=\"caption\">\r\n                                                                                                            <h3 class=\"title\">\r\n                                                            Qualit\u00e0 <strong>Garantita<\/strong>\n                                                                                                                            <span class=\"btn btn-light\"><\/span>\r\n                                                                                                                    <\/h3>\r\n                                                                                                                                                        <\/div>\r\n                                            <\/div>\r\n                                                                                    <\/a>\r\n                                                                                                            <\/div>\r\n                                                                                            <div class=\"swiper-slide\">\r\n                                                                                                                        <a href=\"#\" target=\"\">\r\n                                                                                    <div class=\"card-image\">\r\n                                                                                                    <img decoding=\"async\" src=\"https:\/\/nk.comunicazione.co\/wp-content\/uploads\/about-societa-3.png\" alt=\"\" \/>\r\n                                                                                                <div class=\"caption\">\r\n                                                                                                            <h3 class=\"title\">\r\n                                                            Sostenibilit\u00e0 <strong>Concreta<\/strong>\n                                                                                                                            <span class=\"btn btn-light\"><\/span>\r\n                                                                                                                    <\/h3>\r\n                                                                                                                                                        <\/div>\r\n                                            <\/div>\r\n                                                                                    <\/a>\r\n                                                                                                            <\/div>\r\n                                                    <\/div>\r\n                        <div class=\"swiper-pagination\"><\/div>\r\n                    <\/div>\r\n                <\/div>\r\n            <\/div>\r\n        \r\n            <\/div>\r\n<\/section>\r\n\n\n<section class=\"pt-5\" id=\"block-block_a387bf0fb49dc2897968346c1ea84b2d\">\r\n    <div class=\"container\">\r\n                    <div class=\"row text-center\">\r\n                <div class=\"col\">\r\n                                            <h2 class=\"title\">\r\n                            <p>News &amp; <strong>Events<\/strong><\/p>\n                        <\/h2>\r\n                    \r\n                                            <div class=\"caption\">\r\n                            <p><p>Tenez-vous au courant des nouveaut\u00e9s, \u00e9v\u00e9nements et projets du monde Nutkao.<\/p>\n<\/p>\r\n                        <\/div>\r\n                                    <\/div>\r\n            <\/div>\r\n        \r\n                    <div class=\"row\">\r\n                <div class=\"col\">\r\n                    <p class=\"text-center\">Aucun poste n&#039;a \u00e9t\u00e9 trouv\u00e9.<\/p>\r\n                <\/div>\r\n            <\/div>\r\n        \r\n                    <div class=\"row text-center\">\r\n                <div class=\"col\">\r\n                    <a class=\"btn btn-link\" href=\"https:\/\/nk.comunicazione.co\/news-events\/\" >\r\n                        Scopri di pi\u00f9                    <\/a>\r\n                <\/div>\r\n            <\/div>\r\n            <\/div>\r\n<\/section>\r\n\n\n<section id=\"block-block_03514861ec0581a6443f8d07f16e5014\" class=\"nk-blocks-contact-cta bg-cream vector-top alternative\">\r\n    <div class=\"container\">\r\n                    <div class=\"row align-items-center justify-content-center\">\r\n                                                        <div class=\"col-6 col-md-2 offset-xl-1 mb-2 mb-md-0\">\r\n                        <img decoding=\"async\" src=\"https:\/\/nk.comunicazione.co\/wp-content\/uploads\/chi-siamo-contattaci.png\" alt=\"\" class=\" border-3\">\r\n                    <\/div>\r\n                                <div class=\"col-md-6 offset-xl-1\">\r\n                                            <h2 class=\"title\">Actualit\u00e9s et \u00e9v\u00e9nements<\/h2>\r\n                                                                <div class=\"caption\">\r\n                            <p><p>Siamo pronti a collaborare con te per creare soluzioni su misura e prodotti d&rsquo;eccellenza.<\/p>\n<\/p>\r\n                        <\/div>\r\n                                                                                        <a class=\"btn btn-primary\" href=\"#\" target=\"\">\r\n                            Scrivici ora                        <\/a>\r\n                                    <\/div>\r\n            <\/div>\r\n            <\/div>\r\n<\/section>\r\n","protected":false},"excerpt":{"rendered":"","protected":false},"author":2,"featured_media":0,"parent":0,"menu_order":0,"comment_status":"closed","ping_status":"closed","template":"","meta":{"_acf_changed":false,"inline_featured_image":false,"footnotes":""},"class_list":["post-1502","page","type-page","status-publish","hentry"],"acf":[],"_links":{"self":[{"href":"https:\/\/nk.comunicazione.co\/fr\/wp-json\/wp\/v2\/pages\/1502","targetHints":{"allow":["GET"]}}],"collection":[{"href":"https:\/\/nk.comunicazione.co\/fr\/wp-json\/wp\/v2\/pages"}],"about":[{"href":"https:\/\/nk.comunicazione.co\/fr\/wp-json\/wp\/v2\/types\/page"}],"author":[{"embeddable":true,"href":"https:\/\/nk.comunicazione.co\/fr\/wp-json\/wp\/v2\/users\/2"}],"replies":[{"embeddable":true,"href":"https:\/\/nk.comunicazione.co\/fr\/wp-json\/wp\/v2\/comments?post=1502"}],"version-history":[{"count":2,"href":"https:\/\/nk.comunicazione.co\/fr\/wp-json\/wp\/v2\/pages\/1502\/revisions"}],"predecessor-version":[{"id":1581,"href":"https:\/\/nk.comunicazione.co\/fr\/wp-json\/wp\/v2\/pages\/1502\/revisions\/1581"}],"wp:attachment":[{"href":"https:\/\/nk.comunicazione.co\/fr\/wp-json\/wp\/v2\/media?parent=1502"}],"curies":[{"name":"wp","href":"https:\/\/api.w.org\/{rel}","templated":true}]}}