{"id":1512,"date":"2025-12-09T22:02:37","date_gmt":"2025-12-09T21:02:37","guid":{"rendered":"https:\/\/nk.comunicazione.co\/home\/"},"modified":"2026-03-31T15:37:31","modified_gmt":"2026-03-31T13:37:31","slug":"accueil","status":"publish","type":"page","link":"https:\/\/nk.comunicazione.co\/fr\/","title":{"rendered":"Accueil"},"content":{"rendered":"<section class=\"p-0\" id=\"block-block_3198a01ccab9939b370cd2b4a716e9dc\">\r\n    <div class=\"swiper hero-swiper\" data-swiper-options='{\"autoplay\":{\"delay\":5000},\"loop\":true}'>\r\n        <div class=\"swiper-wrapper\">\r\n                                            <div class=\"swiper-slide\">\r\n                    <section class=\"hero vector-bottom\" style=\"background-color: #ffffff\">\r\n                                                    <img decoding=\"async\" src=\"https:\/\/nk.comunicazione.co\/wp-content\/uploads\/home-hero-1.png\" alt=\"\" class=\"d-none d-lg-block\" \/>\r\n                                                            <img decoding=\"async\" src=\"https:\/\/nk.comunicazione.co\/wp-content\/uploads\/home-hero-1.png\" alt=\"\" class=\"d-lg-none\" \/>\r\n                                                                        <\/section>\r\n                <\/div>\r\n                                            <div class=\"swiper-slide\">\r\n                    <section class=\"hero vector-bottom\" style=\"background-color: #ffffff\">\r\n                                                    <img decoding=\"async\" src=\"https:\/\/nk.comunicazione.co\/wp-content\/uploads\/home-hero-2.png\" alt=\"\" class=\"d-none d-lg-block\" \/>\r\n                                                            <img decoding=\"async\" src=\"https:\/\/nk.comunicazione.co\/wp-content\/uploads\/home-hero-2.png\" alt=\"\" class=\"d-lg-none\" \/>\r\n                                                                        <\/section>\r\n                <\/div>\r\n                                            <div class=\"swiper-slide\">\r\n                    <section class=\"hero vector-bottom\" style=\"background-color: #ffffff\">\r\n                                                    <img decoding=\"async\" src=\"https:\/\/nk.comunicazione.co\/wp-content\/uploads\/home-hero-3.png\" alt=\"\" class=\"d-none d-lg-block\" \/>\r\n                                                            <img decoding=\"async\" src=\"https:\/\/nk.comunicazione.co\/wp-content\/uploads\/home-hero-3.png\" alt=\"\" class=\"d-lg-none\" \/>\r\n                                                                        <\/section>\r\n                <\/div>\r\n                    <\/div>\r\n\r\n                <div class=\"container\">\r\n            <div class=\"row\">\r\n                <div class=\"col-md-4\">\r\n                                            <img decoding=\"async\" src=\"https:\/\/nk.comunicazione.co\/wp-content\/uploads\/nutkao-make-it-sweet.svg\" alt=\"\" \/>\r\n                    \r\n                                            <div class=\"caption\">\r\n                            <p><p>Nous donnons forme \u00e0 la douceur, avec des solutions sur mesure pour nos partenaires.<\/p>\n<\/p>\r\n                        <\/div>\r\n                                    <\/div>\r\n            <\/div>\r\n        <\/div>\r\n\r\n    \r\n \r\n    <\/div>\r\n<\/section>\r\n\n\n<section class=\"nk-blocks-content-section bg-white alignment-center\">\r\n\t<div class=\"container\">\r\n\t\t<div class=\"row text-center\">\r\n\t\t\t<div class=\"col\">\r\n\t\t\t\t\t\t\t\t\t<h2 class=\"title\">\r\n\t\t\t\t\t\t<p><strong>L&rsquo;essence<\/strong> de Nutkao<\/p>\n\t\t\t\t\t<\/h2>\r\n\t\t\t\t\r\n\t\t\t\t\t\t\t\t\t<div class=\"caption\">\r\n\t\t\t\t\t\t<p>Nous sommes une entreprise italienne qui cultive la culture du go\u00fbt et l&rsquo;excellence sensorielle.<\/p>\n<p>Notre travail repose sur la comp\u00e9tence, la recherche et la responsabilit\u00e9. Notre savoir-faire se traduit par des solutions fiables et de haute qualit\u00e9, avec un contr\u00f4le direct de la fili\u00e8re.<\/p>\n\t\t\t\t\t<\/div>\r\n\t\t\t\t\r\n\t\t\t\t\t\t\t\t\t<a class=\"btn btn-secondary\" href=\"#\" >\r\n\t\t\t\t\t\tD\u00e9couvrir notre essence\t\t\t\t\t<\/a>\r\n\t\t\t\t\t\t\t<\/div>\r\n\t\t<\/div>\r\n\t<\/div>\r\n<\/section>\n\n\n<section class=\"wp-block-group bg-light is-layout-constrained wp-block-group-is-layout-constrained\"><section id=\"block-block_9e6aa445a78ad08ed11be223bcac67af\" class=\"nk-blocks-content-cards bg-light\">\r\n    <div class=\"container\">\r\n                    <div class=\"row text-center mb-3\">\r\n                <div class=\"col\">\r\n                                            <h2 class=\"title\">\r\n                            Il tuo partner <strong>di co-creazione<\/strong>\n                        <\/h2>\r\n                                                                <div class=\"caption\">\r\n                            <p><p>Affianchiamo i nostri clienti nello sviluppo di creme spalmabili e semilavorati su misura.<br \/>\nAscoltiamo, collaboriamo e co-creiamo soluzioni pensate per rispondere alle esigenze del loro business e dei consumatori.<\/p>\n<\/p>\r\n                        <\/div>\r\n                                    <\/div>\r\n            <\/div>\r\n        \r\n            <\/div>\r\n<\/section>\r\n\n\n\n<figure class=\"wp-block-image size-large text-center\"><img loading=\"lazy\" decoding=\"async\" width=\"1024\" height=\"263\" src=\"https:\/\/nk.comunicazione.co\/wp-content\/uploads\/card-statica_homepage_P_FRA-1024x263.png\" alt=\"\" class=\"wp-image-1648\" srcset=\"https:\/\/nk.comunicazione.co\/wp-content\/uploads\/card-statica_homepage_P_FRA-1024x263.png 1024w, https:\/\/nk.comunicazione.co\/wp-content\/uploads\/card-statica_homepage_P_FRA-300x77.png 300w, https:\/\/nk.comunicazione.co\/wp-content\/uploads\/card-statica_homepage_P_FRA-768x197.png 768w, https:\/\/nk.comunicazione.co\/wp-content\/uploads\/card-statica_homepage_P_FRA-1536x394.png 1536w, https:\/\/nk.comunicazione.co\/wp-content\/uploads\/card-statica_homepage_P_FRA.png 1760w\" sizes=\"auto, (max-width: 1024px) 100vw, 1024px\" \/><\/figure>\n<\/section>\n\n\n<section id=\"block-block_07a9f5cb620277d347c639f599dd37f3\" class=\"nk-blocks-timeline bg-primary\">\r\n            <h2 class=\"title text-center\">\r\n            Notre <strong>histoire<\/strong>\n        <\/h2>\r\n    \r\n            <div class=\"swiper date-swiper\">\r\n            <div class=\"swiper-wrapper\">\r\n                                                        <div class=\"swiper-slide\">\r\n                        <div class=\"date row align-items-center\">\r\n                                                            <div class=\"year col-auto\">1982<\/div>\r\n                                                                                        <div class=\"title col\">Les origines<\/div>\r\n                                                    <\/div>\r\n                                                    <div class=\"caption\"><p>L\u2019id\u00e9e de proposer des p\u00e2tes \u00e0 tartiner de qualit\u00e9, fruit d\u2019une passion et d\u2019un savoir-faire artisanal, voit le jour. C&rsquo;est le d\u00e9but d&rsquo;un parcours fait de recherche, de go\u00fbt et d&rsquo;attention.<\/p>\n<\/div>\r\n                                            <\/div>\r\n                                                        <div class=\"swiper-slide\">\r\n                        <div class=\"date row align-items-center\">\r\n                                                            <div class=\"year col-auto\">2001<\/div>\r\n                                                                                        <div class=\"title col\">Le saut de qualit\u00e9<\/div>\r\n                                                    <\/div>\r\n                                                    <div class=\"caption\"><p>Nutkao d\u00e9m\u00e9nage \u00e0 Govone, dans une usine plus grande et plus moderne, pour soutenir sa croissance et le d\u00e9veloppement de sa production.<\/p>\n<\/div>\r\n                                            <\/div>\r\n                                                        <div class=\"swiper-slide\">\r\n                        <div class=\"date row align-items-center\">\r\n                                                            <div class=\"year col-auto\">2010<\/div>\r\n                                                                                        <div class=\"title col\">L\u2019ouverture \u00e0 de nouveaux march\u00e9s<\/div>\r\n                                                    <\/div>\r\n                                                    <div class=\"caption\"><p>Nutkao franchit les fronti\u00e8res et porte son excellence sur de nouveaux march\u00e9s : c\u2019est le d\u00e9but des exportations vers les \u00c9tats-Unis, l&rsquo;Am\u00e9rique du Sud, l&rsquo;Australie, le Moyen-Orient, la Chine et l&rsquo;Afrique du Nord.<\/p>\n<\/div>\r\n                                            <\/div>\r\n                                                        <div class=\"swiper-slide\">\r\n                        <div class=\"date row align-items-center\">\r\n                                                            <div class=\"year col-auto\">2015<\/div>\r\n                                                                                        <div class=\"title col\">Par-del\u00e0 l&#039;Europe  <\/div>\r\n                                                    <\/div>\r\n                                                    <div class=\"caption\"><p>Nutkao ouvre une nouvelle usine aux \u00c9tats-Unis, \u00e0 Battleboro (Caroline du Nord), pour r\u00e9pondre aux besoins du march\u00e9 am\u00e9ricain.<\/p>\n<\/div>\r\n                                            <\/div>\r\n                                                        <div class=\"swiper-slide\">\r\n                        <div class=\"date row align-items-center\">\r\n                                                            <div class=\"year col-auto\">2018<\/div>\r\n                                                                                        <div class=\"title col\">La fili\u00e8re du cacao<\/div>\r\n                                                    <\/div>\r\n                                                    <div class=\"caption\"><p>Nutkao ouvre son nouveau centre de production \u00e0 Accra, au Ghana, pour le contr\u00f4le direct de la fili\u00e8re.<\/p>\n<\/div>\r\n                                            <\/div>\r\n                                                        <div class=\"swiper-slide\">\r\n                        <div class=\"date row align-items-center\">\r\n                                                            <div class=\"year col-auto\">2021<\/div>\r\n                                                                                        <div class=\"title col\">Le renforcement europ\u00e9en<\/div>\r\n                                                    <\/div>\r\n                                                    <div class=\"caption\"><p>Nutkao acquiert la soci\u00e9t\u00e9 belge Boerinneke, \u00e9largissant ainsi ses comp\u00e9tences et sa capacit\u00e9 de production.<\/p>\n<\/div>\r\n                                            <\/div>\r\n                                                        <div class=\"swiper-slide\">\r\n                        <div class=\"date row align-items-center\">\r\n                                                            <div class=\"year col-auto\">2023<\/div>\r\n                                                                                        <div class=\"title col\">La dimension mondiale<\/div>\r\n                                                    <\/div>\r\n                                                    <div class=\"caption\"><p>Nutkao est implant\u00e9 dans plus de 80 pays \u00e0 travers le monde en tant que groupe international.<\/p>\n<\/div>\r\n                                            <\/div>\r\n                                                        <div class=\"swiper-slide\">\r\n                        <div class=\"date row align-items-center\">\r\n                                                            <div class=\"year col-auto\">2024<\/div>\r\n                                                                                        <div class=\"title col\">Un nouveau chapitre<\/div>\r\n                                                    <\/div>\r\n                                                    <div class=\"caption\"><p>Nutkao rejoint le groupe Al Mada, marquant le d\u00e9but d&rsquo;une nouvelle phase de croissance.<\/p>\n<\/div>\r\n                                            <\/div>\r\n                            <\/div>\r\n            <div class=\"swiper-button-next\"><\/div>\r\n            <div class=\"swiper-button-prev\"><\/div>\r\n            <div class=\"swiper-pagination\"><\/div>\r\n        <\/div>\r\n    \r\n            <div class=\"container\">\r\n            <div class=\"row text-center\">\r\n                <div class=\"col\">\r\n                    <a class=\"btn btn-link\" href=\"#\" target=\"\">\r\n                        En savoir plus                    <\/a>\r\n                <\/div>\r\n            <\/div>\r\n        <\/div>\r\n    <\/section>\r\n\n\n<section id=\"block-block_ee27ae8f54f8522f9711c6d774617956\" class=\"nk-blocks-card-swiper\">\r\n    <div class=\"container\">\r\n                                                        <div class=\"row text-center\">\r\n                        <div class=\"col\">\r\n                            <h2 class=\"title\">\r\n                                Notre <strong>engagement<\/strong>\n                            <\/h2>\r\n                        <\/div>\r\n                    <\/div>\r\n                                                    <div class=\"row text-center\">\r\n                        <div class=\"col\">\r\n                            <div class=\"caption\">\r\n                                <p><p>La durabilit\u00e9 est au centre de nos choix.<br \/>\nChaque jour, nous \u0153uvrons \u00e0 r\u00e9duire notre impact environnemental et \u00e0 promouvoir une fili\u00e8re responsable.<\/p>\n<\/p>\r\n                            <\/div>\r\n                        <\/div>\r\n                    <\/div>\r\n                                    \r\n                    <div class=\"row\">\r\n                <div class=\"col\">\r\n                    <div class=\"swiper card-swiper\">\r\n                        <div class=\"swiper-wrapper\">\r\n                                                                                            <div class=\"swiper-slide\">\r\n                                                                                                                        <a href=\"#\" target=\"\">\r\n                                                                                    <div class=\"card-image\">\r\n                                                                                                    <img decoding=\"async\" src=\"https:\/\/nk.comunicazione.co\/wp-content\/uploads\/home-impegno-1.png\" alt=\"\" \/>\r\n                                                                                                <div class=\"caption\">\r\n                                                                                                            <h3 class=\"title\">\r\n                                                            Le <strong>territoire<\/strong>\n                                                                                                                    <\/h3>\r\n                                                                                                                                                                <span class=\"btn btn-light\">\r\n                                                            <span>En savoir plus<\/span>\r\n                                                        <\/span>\r\n                                                                                                    <\/div>\r\n                                            <\/div>\r\n                                                                                    <\/a>\r\n                                                                                                            <\/div>\r\n                                                                                            <div class=\"swiper-slide\">\r\n                                                                                                                        <a href=\"#\" target=\"\">\r\n                                                                                    <div class=\"card-image\">\r\n                                                                                                    <img decoding=\"async\" src=\"https:\/\/nk.comunicazione.co\/wp-content\/uploads\/home-impegno-2.png\" alt=\"\" \/>\r\n                                                                                                <div class=\"caption\">\r\n                                                                                                            <h3 class=\"title\">\r\n                                                            Les <strong>mati\u00e8res premi\u00e8res<\/strong>\n                                                                                                                    <\/h3>\r\n                                                                                                                                                                <span class=\"btn btn-light\">\r\n                                                            <span>En savoir plus<\/span>\r\n                                                        <\/span>\r\n                                                                                                    <\/div>\r\n                                            <\/div>\r\n                                                                                    <\/a>\r\n                                                                                                            <\/div>\r\n                                                                                            <div class=\"swiper-slide\">\r\n                                                                                                                        <a href=\"#\" target=\"\">\r\n                                                                                    <div class=\"card-image\">\r\n                                                                                                    <img decoding=\"async\" src=\"https:\/\/nk.comunicazione.co\/wp-content\/uploads\/home-impegno-3.png\" alt=\"\" \/>\r\n                                                                                                <div class=\"caption\">\r\n                                                                                                            <h3 class=\"title\">\r\n                                                            Les <strong>personnes<\/strong>\n                                                                                                                    <\/h3>\r\n                                                                                                                                                                <span class=\"btn btn-light\">\r\n                                                            <span>En savoir plus<\/span>\r\n                                                        <\/span>\r\n                                                                                                    <\/div>\r\n                                            <\/div>\r\n                                                                                    <\/a>\r\n                                                                                                            <\/div>\r\n                                                    <\/div>\r\n                        <div class=\"swiper-pagination\"><\/div>\r\n                    <\/div>\r\n                <\/div>\r\n            <\/div>\r\n        \r\n                    <div class=\"row text-center\">\r\n                <div class=\"col\">\r\n                    <a class=\"btn btn-link\" href=\"#\" target=\"\">\r\n                        En savoir plus                    <\/a>\r\n                <\/div>\r\n            <\/div>\r\n            <\/div>\r\n<\/section>\r\n\n\n<section id=\"block-block_01822a7779f865ac1345ba7e47a0765e\" class=\"nk-blocks-half-image bg-cream vector-bottom d-none\">\r\n    <div class=\"container\">\r\n        <div class=\"row align-items-center\">\r\n            <!-- Image column -->\r\n            <div class=\"col-md\">\r\n                                                            <div class=\"image\">\r\n                            <img decoding=\"async\" src=\"https:\/\/nk.comunicazione.co\/wp-content\/uploads\/home-innovazione.jpg\" alt=\"\" \/>\r\n                            <div class=\"caption\">\r\n                                <h3 class=\"title\">\r\n                                    <strong>innovation<\/strong><br \/>\nin our core\n                                <\/h3>\r\n                            <\/div>\r\n                        <\/div>\r\n                                                <\/div>\r\n            <!-- Content column -->\r\n            <div class=\"col-md\">\r\n                                    <h2 class=\"title\">\r\n                        Innovazione                    <\/h2>\r\n                                                                    <div class=\"caption pb-md-3 mb-md-5\">\r\n                        <p>Ogni progetto nasce da un\u2019esigenza specifica.<br \/>\nI nostri team lavorano su formulazioni, processi e applicazioni per sviluppare soluzioni personalizzate, replicabili e affidabili su scala industriale.<\/p>\n                    <\/div>\r\n                                                    <a class=\"btn btn-secondary\" href=\"#\" target=\"\">\r\n                        Scopri di pi\u00f9                    <\/a>\r\n                            <\/div>\r\n        <\/div>\r\n    <\/div>\r\n<\/section>\r\n\n\n\n<section class=\"half-image bg-cream vector-bottom\">\n            <div class=\"container\">\n                <div class=\"row align-items-center\">\n                    <div class=\"col-md\">\n                        <div class=\"image\">\n                            <img decoding=\"async\" src=\"https:\/\/nk.comunicazione.co\/wp-content\/uploads\/home-innovazione.jpg\">\n                            <div class=\"caption\">\n                                <h3 class=\"title\">\n                                    <strong>innovation<\/strong><br>\n                                    in our core \n                                <\/h3>\n                            <\/div>\n                        <\/div>\n                    <\/div>\n                    <div class=\"col-md\">\n                        <h2 class=\"title\">\n                            Innovation\n                        <\/h2>\n                        <div class=\"caption pb-md-3 mb-md-5\">\n                            <p>\n                                Chaque projet na\u00eet d&rsquo;un besoin sp\u00e9cifique. Nos \u00e9quipes travaillent sur des formulations, des processus et des applications afin de d\u00e9velopper des solutions personnalis\u00e9es, reproductibles et fiables \u00e0 l&rsquo;\u00e9chelle industrielle.                            <\/p>\n                        <\/div>\n                        <a class=\"btn btn-secondary\" href=\"#\">\n                            Scopri di pi\u00f9\n                        <\/a>\n                    <\/div>\n                <\/div>\n            <\/div>\n        <\/section>\n\n\n<section class=\"pt-5\" id=\"block-block_aa9c204c3a29ae746e3876ff0732ada0\">\r\n    <div class=\"container\">\r\n                    <div class=\"row text-center\">\r\n                <div class=\"col\">\r\n                                            <h2 class=\"title\">\r\n                            <p>Actualit\u00e9s et <strong>\u00e9v\u00e9nements<\/strong><\/p>\n                        <\/h2>\r\n                    \r\n                                            <div class=\"caption\">\r\n                            <p><p>Tenez-vous au courant des nouveaut\u00e9s, \u00e9v\u00e9nements et projets du monde Nutkao.<\/p>\n<\/p>\r\n                        <\/div>\r\n                                    <\/div>\r\n            <\/div>\r\n        \r\n                    <div class=\"row\">\r\n                <div class=\"col\">\r\n                    <p class=\"text-center\">Aucun poste n&#039;a \u00e9t\u00e9 trouv\u00e9.<\/p>\r\n                <\/div>\r\n            <\/div>\r\n        \r\n                    <div class=\"row text-center\">\r\n                <div class=\"col\">\r\n                    <a class=\"btn btn-link\" href=\"https:\/\/nk.comunicazione.co\/news-events\/\" >\r\n                        En savoir plus                    <\/a>\r\n                <\/div>\r\n            <\/div>\r\n            <\/div>\r\n<\/section>\r\n","protected":false},"excerpt":{"rendered":"<p>innovation in our core Innovation Chaque projet na\u00eet d&rsquo;un besoin sp\u00e9cifique. Nos \u00e9quipes travaillent sur des formulations, des processus et des applications afin de d\u00e9velopper des solutions personnalis\u00e9es, reproductibles et fiables \u00e0 l&rsquo;\u00e9chelle industrielle. Scopri di pi\u00f9<\/p>\n","protected":false},"author":2,"featured_media":0,"parent":0,"menu_order":0,"comment_status":"closed","ping_status":"closed","template":"template-home.php","meta":{"_acf_changed":false,"inline_featured_image":false,"footnotes":""},"class_list":["post-1512","page","type-page","status-publish","hentry"],"acf":[],"_links":{"self":[{"href":"https:\/\/nk.comunicazione.co\/fr\/wp-json\/wp\/v2\/pages\/1512","targetHints":{"allow":["GET"]}}],"collection":[{"href":"https:\/\/nk.comunicazione.co\/fr\/wp-json\/wp\/v2\/pages"}],"about":[{"href":"https:\/\/nk.comunicazione.co\/fr\/wp-json\/wp\/v2\/types\/page"}],"author":[{"embeddable":true,"href":"https:\/\/nk.comunicazione.co\/fr\/wp-json\/wp\/v2\/users\/2"}],"replies":[{"embeddable":true,"href":"https:\/\/nk.comunicazione.co\/fr\/wp-json\/wp\/v2\/comments?post=1512"}],"version-history":[{"count":12,"href":"https:\/\/nk.comunicazione.co\/fr\/wp-json\/wp\/v2\/pages\/1512\/revisions"}],"predecessor-version":[{"id":1858,"href":"https:\/\/nk.comunicazione.co\/fr\/wp-json\/wp\/v2\/pages\/1512\/revisions\/1858"}],"wp:attachment":[{"href":"https:\/\/nk.comunicazione.co\/fr\/wp-json\/wp\/v2\/media?parent=1512"}],"curies":[{"name":"wp","href":"https:\/\/api.w.org\/{rel}","templated":true}]}}