{"id":1515,"date":"2025-12-09T02:57:36","date_gmt":"2025-12-09T01:57:36","guid":{"rendered":"https:\/\/nk.comunicazione.co\/etico-sociale\/"},"modified":"2026-03-31T15:24:09","modified_gmt":"2026-03-31T13:24:09","slug":"ethique-social","status":"publish","type":"page","link":"https:\/\/nk.comunicazione.co\/fr\/ethique-social\/","title":{"rendered":"Engagement \u00e9thique et social"},"content":{"rendered":"<section id=\"block-block_073dc4e97a730c8e487c10cf5c70e640\" class=\"nk-blocks-half-image bg-light vector-top alternative\">\r\n    <div class=\"container\">\r\n        <div class=\"row align-items-center\">\r\n            <!-- Image column -->\r\n            <div class=\"col-md col-xl-5 order-md-2\">\r\n                                                            <img decoding=\"async\" src=\"https:\/\/nk.comunicazione.co\/wp-content\/uploads\/mission.png\" alt=\"\" \/>\r\n                                                <\/div>\r\n            <!-- Content column -->\r\n            <div class=\"col-md col-xl-4 offset-xl-1 order-md-1\">\r\n                                    <h2 class=\"title\">\r\n                        Nos valeurs                    <\/h2>\r\n                                                                    <div class=\"caption\">\r\n                        <ul>\n<li><strong>Qualit\u00e9<\/strong><br \/>\nNous s\u00e9lectionnons des mati\u00e8res premi\u00e8res d&rsquo;excellence et suivons chaque \u00e9tape du processus.<\/li>\n<li><strong>Innovation<\/strong>:<br \/>\nNous investissons dans la recherche pour d\u00e9velopper des solutions fiables et d\u2019avant-garde.<\/li>\n<li><strong>Collaboration:<\/strong><br \/>\nNous croyons au travail d&rsquo;\u00e9quipe, au sein de l&rsquo;entreprise et avec nos partenaires.<\/li>\n<li><strong>Responsabilit\u00e9:<\/strong><br \/>\nNous travaillons en veillant \u00e0 l&rsquo;impact social et environnemental de nos activit\u00e9s.<\/li>\n<\/ul>\n                    <\/div>\r\n                                            <\/div>\r\n        <\/div>\r\n    <\/div>\r\n<\/section>\r\n\n\n<section id=\"block-block_5b83a1c362265318cd541d325f8de0ed\" class=\"nk-blocks-half-image bg-grey\">\r\n    <div class=\"container\">\r\n        <div class=\"row align-items-center\">\r\n            <!-- Image column -->\r\n            <div class=\"col-md\">\r\n                                                            <img decoding=\"async\" src=\"https:\/\/nk.comunicazione.co\/wp-content\/uploads\/vision.png\" alt=\"\" \/>\r\n                                                <\/div>\r\n            <!-- Content column -->\r\n            <div class=\"col-md\">\r\n                                    <h2 class=\"title\">\r\n                        Les personnes                    <\/h2>\r\n                                                    <h3 class=\"subtitle\">Notre \u00e9quipe, notre force.<\/h3>\r\n                                                    <div class=\"caption\">\r\n                        <p>Derri\u00e8re chaque recette, chaque innovation et chaque objectif se trouve une \u00e9quipe de personnes passionn\u00e9es.\u2028 Nous nourrissons les talents, valorisons les id\u00e9es et promouvons une culture d&rsquo;entreprise fond\u00e9e sur le respect, la collaboration et la responsabilit\u00e9.\u2028 Parce que nous sommes convaincus que la plus grande r\u00e9ussite est celle que l&rsquo;on construit ensemble.<\/p>\n                    <\/div>\r\n                                            <\/div>\r\n        <\/div>\r\n    <\/div>\r\n<\/section>\r\n\n\n\n<section class=\"hero short vector-bottom\">\n\n<img decoding=\"async\" src=\"\/wp-content\/uploads\/nutkao-made-in-italy.png\">\n\n<div class=\"container\">\n\n<div class=\"row align-items-end\">\n\n<div class=\"col-auto offset-xl-1 with-vector\">\n\n<\/div>\n\n<div class=\"col\">\n\n<h2 class=\"title\">\n\n<strong>Fabriqu\u00e9<\/strong><br>\n\nen Italie\n\n<\/h2>\n\n<\/div>\n\n<\/div>\n\n<\/div>\n\n<\/section>\n\n<section class=\"pt-4\">\n\n<div class=\"container\">\n\n<div class=\"row justify-content-center text-center\">\n\n<div class=\"col-xxl-6\">\n\n<h2 class=\"title\">\n\nFiert\u00e9 italienne<\/strong>\n\n<\/h2>\n\n<h3 class=\"subtitle\">\nNutkao fait rayonner l&rsquo;excellence du Made in Italy dans le monde entier.\n\n<\/h3>\n<div class=\"caption\">\n<p> Du choix des mati\u00e8res premi\u00e8res au soin apport\u00e9 aux processus de production, chacun de nos produits raconte une histoire de qualit\u00e9, de passion et d&rsquo;innovation italiennes.\n\n<\/p>\n<\/div>\n<\/div>\n<\/div>\n<\/div>\n<\/section>\n\n\n<section id=\"block-block_d71c1823bc58901df063e4bbf074a517\" class=\"nk-blocks-card-swiper skin-alternative bg-light\">\r\n    <div class=\"container\">\r\n                                    <div class=\"row justify-content-center text-center text-md-start\">\r\n                    <div class=\"col-md-11\">\r\n                        <div class=\"row\">\r\n                                                            <div class=\"col-md-auto\">\r\n                                    <h2 class=\"title\">\r\n                                        Transparence et <strong>fili\u00e8re<\/strong>\n                                    <\/h2>\r\n                                <\/div>\r\n                                                                                        <div class=\"col-md offset-xl-1\">\r\n                                    <div class=\"caption\">\r\n                                        <p><p>Nous croyons que la qualit\u00e9 na\u00eet d&rsquo;une fili\u00e8re claire et tra\u00e7able.\u2028Nous collaborons avec des fournisseurs s\u00e9lectionn\u00e9s et suivons chaque \u00e9tape du processus de production afin de garantir la s\u00e9curit\u00e9, l&rsquo;\u00e9thique et le respect de l&rsquo;environnement.\u2003<\/p>\n<\/p>\r\n                                    <\/div>\r\n                                <\/div>\r\n                                                    <\/div>\r\n                    <\/div>\r\n                <\/div>\r\n                    \r\n                    <div class=\"row\">\r\n                <div class=\"col\">\r\n                    <div class=\"swiper card-swiper\">\r\n                        <div class=\"swiper-wrapper\">\r\n                                                                                            <div class=\"swiper-slide\">\r\n                                                                                                                        <div class=\"card-image\">\r\n                                                                                                    <img decoding=\"async\" src=\"https:\/\/nk.comunicazione.co\/wp-content\/uploads\/trasparenza-1.png\" alt=\"\" \/>\r\n                                                                                                <div class=\"caption\">\r\n                                                                                                                                                        <\/div>\r\n                                            <\/div>\r\n                                                                                                            <\/div>\r\n                                                                                            <div class=\"swiper-slide\">\r\n                                                                                                                        <div class=\"card-image\">\r\n                                                                                                    <img decoding=\"async\" src=\"https:\/\/nk.comunicazione.co\/wp-content\/uploads\/trasparenza-2.png\" alt=\"\" \/>\r\n                                                                                                <div class=\"caption\">\r\n                                                                                                                                                        <\/div>\r\n                                            <\/div>\r\n                                                                                                            <\/div>\r\n                                                                                            <div class=\"swiper-slide\">\r\n                                                                                                                        <div class=\"card-image\">\r\n                                                                                                    <img decoding=\"async\" src=\"https:\/\/nk.comunicazione.co\/wp-content\/uploads\/trasparenza-3.png\" alt=\"\" \/>\r\n                                                                                                <div class=\"caption\">\r\n                                                                                                                                                        <\/div>\r\n                                            <\/div>\r\n                                                                                                            <\/div>\r\n                                                    <\/div>\r\n                        <div class=\"swiper-pagination\"><\/div>\r\n                    <\/div>\r\n                <\/div>\r\n            <\/div>\r\n        \r\n            <\/div>\r\n<\/section>\r\n","protected":false},"excerpt":{"rendered":"<p>Fabriqu\u00e9 en Italie Fiert\u00e9 italienne Nutkao fait rayonner l&rsquo;excellence du Made in Italy dans le monde entier. Du choix des mati\u00e8res premi\u00e8res au soin apport\u00e9 aux processus de production, chacun de nos produits raconte une histoire de qualit\u00e9, de passion et d&rsquo;innovation italiennes.<\/p>\n","protected":false},"author":2,"featured_media":0,"parent":0,"menu_order":0,"comment_status":"closed","ping_status":"closed","template":"","meta":{"_acf_changed":false,"inline_featured_image":false,"footnotes":""},"class_list":["post-1515","page","type-page","status-publish","hentry"],"acf":[],"_links":{"self":[{"href":"https:\/\/nk.comunicazione.co\/fr\/wp-json\/wp\/v2\/pages\/1515","targetHints":{"allow":["GET"]}}],"collection":[{"href":"https:\/\/nk.comunicazione.co\/fr\/wp-json\/wp\/v2\/pages"}],"about":[{"href":"https:\/\/nk.comunicazione.co\/fr\/wp-json\/wp\/v2\/types\/page"}],"author":[{"embeddable":true,"href":"https:\/\/nk.comunicazione.co\/fr\/wp-json\/wp\/v2\/users\/2"}],"replies":[{"embeddable":true,"href":"https:\/\/nk.comunicazione.co\/fr\/wp-json\/wp\/v2\/comments?post=1515"}],"version-history":[{"count":14,"href":"https:\/\/nk.comunicazione.co\/fr\/wp-json\/wp\/v2\/pages\/1515\/revisions"}],"predecessor-version":[{"id":1831,"href":"https:\/\/nk.comunicazione.co\/fr\/wp-json\/wp\/v2\/pages\/1515\/revisions\/1831"}],"wp:attachment":[{"href":"https:\/\/nk.comunicazione.co\/fr\/wp-json\/wp\/v2\/media?parent=1515"}],"curies":[{"name":"wp","href":"https:\/\/api.w.org\/{rel}","templated":true}]}}