{"id":1518,"date":"2025-12-17T02:02:37","date_gmt":"2025-12-17T01:02:37","guid":{"rendered":"https:\/\/nk.comunicazione.co\/innovazione-sostenibilita\/"},"modified":"2026-03-31T15:13:51","modified_gmt":"2026-03-31T13:13:51","slug":"innovation-durabilite","status":"publish","type":"page","link":"https:\/\/nk.comunicazione.co\/fr\/innovation-durabilite\/","title":{"rendered":"Innovation et durabilit\u00e9"},"content":{"rendered":"<section id=\"block-block_10e44ba974914780ee7c42823aea1da9\" class=\"hero short vector-bottom\">\r\n            <img decoding=\"async\" src=\"https:\/\/nk.comunicazione.co\/wp-content\/uploads\/hero-innovazione-sostenibilita.webp\" alt=\"\">\r\n        <div class=\"container\">\r\n        <div class=\"row\">\r\n                            <div class=\"col-auto offset-xl-1 with-vector\">\r\n                    <!-- Vector decoration (optional) -->\r\n                <\/div>\r\n                        <div class=\"col\">\r\n                                    <h2 class=\"title\">\r\n                        <p>Cr\u00e9ativit\u00e9.<br \/>\nRecherche.<br \/>\n<strong>Avenir.<\/strong><\/p>\n                    <\/h2>\r\n                            <\/div>\r\n        <\/div>\r\n    <\/div>\r\n<\/section>\r\n\n\n<section id=\"block-block_5155078c93102efa08e059b052763323\" class=\"nk-blocks-text-section bg-white alignment-center width-narrow pt-3\">\r\n\t<div class=\"container\">\r\n\t\t<div class=\"row justify-content-center text-center\">\r\n\t\t\t<div class=\"col col-md-10 col-xxl-6\">\r\n\t\t\t\t\t\t\t\t\t<h2 class=\"title\">\r\n\t\t\t\t\t\t<p>Innovation<\/p>\n\t\t\t\t\t<\/h2>\r\n\t\t\t\t\r\n\t\t\t\t\t\t\t\t\t<h3 class=\"subtitle\">\r\n\t\t\t\t\t\t<p>L\u2019innovation est au c\u0153ur de notre m\u00e9tier.<\/p>\n\t\t\t\t\t<\/h3>\r\n\t\t\t\t\r\n\t\t\t\t\t\t\t\t\t<div class=\"caption\">\r\n\t\t\t\t\t\t<p>Nous conjuguons recherche, cr\u00e9ativit\u00e9 et technologie pour d\u00e9velopper des solutions sur mesure qui anticipent les besoins de nos partenaires et cr\u00e9ent de la valeur pour le march\u00e9 mondial.<\/p>\n\t\t\t\t\t<\/div>\r\n\t\t\t\t\t\t\t<\/div>\r\n\t\t<\/div>\r\n\t<\/div>\r\n<\/section>\n\n<section id=\"block-block_3d40aff1fa49e4f93facd0f70aab76c9\" class=\"hero-card banner  short\">\r\n\t\t\t<img decoding=\"async\" src=\"https:\/\/nk.comunicazione.co\/wp-content\/uploads\/nutkao-sostenibilita.webp\" alt=\"\">\r\n\t\t<div class=\"container\">\r\n\t\t<div class=\"row align-items-end\">\r\n\t\t\t<div class=\"col-xxl-5 bg-white rounded p-4\">\r\n\t\t\t\t\t\t\t\t\t<h2 class=\"title\">\r\n\t\t\t\t\t\t<p>Durabilit\u00e9<\/p>\n\t\t\t\t\t<\/h2>\r\n\t\t\t\t\r\n\t\t\t\t\t\t\t\t\t<h3 class=\"subtitle\">\r\n\t\t\t\t\t\t<p>Nous croyons que l&rsquo;avenir appartient \u00e0 celles et ceux qui choisissent la responsabilit\u00e9.<\/p>\n\t\t\t\t\t<\/h3>\r\n\t\t\t\t\r\n\t\t\t\t\t\t\t\t\t<div class=\"caption\">\r\n\t\t\t\t\t\t<p>C&rsquo;est pourquoi nous investissons dans des pratiques durables tout au long de la fili\u00e8re, dans le respect des personnes, des communaut\u00e9s et de l&rsquo;environnement, sans jamais renoncer \u00e0 la qualit\u00e9.<\/p>\n\t\t\t\t\t<\/div>\r\n\t\t\t\t\t\t\t<\/div>\r\n\t\t<\/div>\r\n\t<\/div>\r\n<\/section>\n\n\n<section>\n<div class=\"container\">\n<div class=\"row justify-content-center\">\n<div class=\"col-md-9\">\n<div class=\"row\">\n<div class=\"col-md-auto\">\n<h2 class=\"title\">\nMat\u00e9riaux et <strong>Emballage<\/strong>\n\n<\/h2>\n<\/div>\n<div class=\"col-md offset-xl-1\">\n<div class=\"caption\">\n<p> Emballage intelligent, mat\u00e9riaux durables et design fonctionnel: chaque d\u00e9tail est pens\u00e9 pour prot\u00e9ger le produit et respecter la plan\u00e8te.\n\n<\/p>\n\n<\/div>\n\n<\/div>\n\n<\/div>\n\n<\/div>\n\n<\/div>\n<div class=\"row\">\n\n<div class=\"col\">\n\n<div class=\"swiper card-swiper\">\n\n<div class=\"swiper-wrapper\">\n\n<div class=\"swiper-slide\">\n\n<div class=\"image product rounded\">\n\n<img decoding=\"async\" src=\"\/wp-content\/uploads\/nutkao-packaging-1.png\" alt=\"Image de l'emballage 1\"\/>\n\n<\/div>\n\n<\/div>\n\n<div class=\"swiper-slide\">\n\n<div class=\"image product rounded\">\n\n<img decoding=\"async\" src=\"\/wp-content\/uploads\/nutkao-packaging-2.png\" alt=\"Image de l'emballage 2\"\/>\n\n<\/div>\n\n<\/div>\n\n<div class=\"swiper-slide\">\n\n<div class=\"image product rounded\">\n\n<img decoding=\"async\" src=\"\/wp-content\/uploads\/nutkao-packaging-3.png\" alt=\"Image de l'emballage 3\"\/>\n\n<\/div>\n\n<\/div>\n\n<\/div>\n\n<\/div>\n\n<\/div>\n\n<\/div>\n\n<\/section>\n\n\n<section id=\"block-block_fa5097cc11ba8c941d725787a8e13ac2\" class=\"half-image bg-light alternative\">\r\n\t<div class=\"container-fluid\">\r\n\t\t<div class=\"row align-items-center justify-content-center\">\r\n\t\t\t<!-- Image column -->\r\n\t\t\t<div class=\"col-md image\">\r\n\t\t\t\t\t\t\t\t\t<img decoding=\"async\" src=\"https:\/\/nk.comunicazione.co\/wp-content\/uploads\/nutkao-research-development.webp\" alt=\"\">\r\n\t\t\t\t\t\t\t<\/div>\r\n\t\t\t<!-- Text column -->\r\n\t\t\t<div class=\"col-md offset-md-1\">\r\n\t\t\t\t\t\t\t\t\t<h2 class=\"title\">\r\n\t\t\t\t\t\t<p>R&#038;D<\/p>\n\t\t\t\t\t<\/h2>\r\n\t\t\t\t\r\n\t\t\t\t\t\t\t\t\t<h3 class=\"subtitle\">\r\n\t\t\t\t\t\t<p>Notre service R&#038;D (Recherche et D\u00e9veloppement) est le laboratoire o\u00f9 naissent les innovations de Nutkao.<\/p>\n\t\t\t\t\t<\/h3>\r\n\t\t\t\t\r\n\t\t\t\t\t\t\t\t\t<div class=\"caption\">\r\n\t\t\t\t\t\t<p>C&rsquo;est l\u00e0 que notre \u00e9quipe exp\u00e9rimente de nouvelles recettes, analyse les tendances de consommation et d\u00e9veloppe des solutions personnalis\u00e9es pour nos partenaires.\u2028 L\u2019objectif : transformer les id\u00e9es en produits d&rsquo;excellence, en portant toujours notre attention sur la qualit\u00e9, la s\u00e9curit\u00e9 et la durabilit\u00e9.<\/p>\n\t\t\t\t\t<\/div>\r\n\t\t\t\t\t\t\t<\/div>\r\n\t\t<\/div>\r\n\t<\/div>\r\n<\/section>","protected":false},"excerpt":{"rendered":"<p>Mat\u00e9riaux et Emballage Emballage intelligent, mat\u00e9riaux durables et design fonctionnel: chaque d\u00e9tail est pens\u00e9 pour prot\u00e9ger le produit et respecter la plan\u00e8te.<\/p>\n","protected":false},"author":2,"featured_media":0,"parent":0,"menu_order":0,"comment_status":"closed","ping_status":"closed","template":"","meta":{"_acf_changed":false,"inline_featured_image":false,"footnotes":""},"class_list":["post-1518","page","type-page","status-publish","hentry"],"acf":[],"_links":{"self":[{"href":"https:\/\/nk.comunicazione.co\/fr\/wp-json\/wp\/v2\/pages\/1518","targetHints":{"allow":["GET"]}}],"collection":[{"href":"https:\/\/nk.comunicazione.co\/fr\/wp-json\/wp\/v2\/pages"}],"about":[{"href":"https:\/\/nk.comunicazione.co\/fr\/wp-json\/wp\/v2\/types\/page"}],"author":[{"embeddable":true,"href":"https:\/\/nk.comunicazione.co\/fr\/wp-json\/wp\/v2\/users\/2"}],"replies":[{"embeddable":true,"href":"https:\/\/nk.comunicazione.co\/fr\/wp-json\/wp\/v2\/comments?post=1518"}],"version-history":[{"count":6,"href":"https:\/\/nk.comunicazione.co\/fr\/wp-json\/wp\/v2\/pages\/1518\/revisions"}],"predecessor-version":[{"id":1822,"href":"https:\/\/nk.comunicazione.co\/fr\/wp-json\/wp\/v2\/pages\/1518\/revisions\/1822"}],"wp:attachment":[{"href":"https:\/\/nk.comunicazione.co\/fr\/wp-json\/wp\/v2\/media?parent=1518"}],"curies":[{"name":"wp","href":"https:\/\/api.w.org\/{rel}","templated":true}]}}