{"id":84,"date":"2025-11-25T03:40:35","date_gmt":"2025-11-25T02:40:35","guid":{"rendered":"https:\/\/nk.comunicazione.co\/?page_id=84"},"modified":"2026-02-08T20:05:32","modified_gmt":"2026-02-08T19:05:32","slug":"lavora-con-noi","status":"publish","type":"page","link":"https:\/\/nk.comunicazione.co\/it\/lavora-con-noi\/","title":{"rendered":"Lavora con noi"},"content":{"rendered":"<section id=\"block-block_d430f18b926b80c0499e27966bce35af\" class=\"nk-blocks-half-image bg-cream vector-top alternative\">\r\n    <div class=\"container\">\r\n        <div class=\"row align-items-center\">\r\n            <!-- Image column -->\r\n            <div class=\"col-md\">\r\n                                                            <img decoding=\"async\" src=\"https:\/\/nk.comunicazione.co\/wp-content\/uploads\/persone.png\" alt=\"\" \/>\r\n                                                <\/div>\r\n            <!-- Content column -->\r\n            <div class=\"col-md\">\r\n                                    <h2 class=\"title\">\r\n                        Le Persone                    <\/h2>\r\n                                                    <h3 class=\"subtitle\">Il Nostro Team, la Nostra Forza.<\/h3>\r\n                                                    <div class=\"caption pb-md-3 mb-md-5\">\r\n                        <p>Dietro ogni ricetta, ogni innovazione e ogni traguardo c&#8217;\u00e8 una squadra di persone appassionate.<br \/>\nNutriamo il talento, valorizziamo le idee e promuoviamo una cultura aziendale basata su rispetto, collaborazione e responsabilit\u00e0.<br \/>\nPerch\u00e9 siamo convinti che il successo pi\u00f9 grande sia quello che si costruisce insieme.<\/p>\n                    <\/div>\r\n                                                    <a class=\"btn btn-secondary\" href=\"https:\/\/www.linkedin.com\/company\/nutkaoofficial\/jobs\/\" target=\"\">\r\n                        LinkedIn                    <\/a>\r\n                            <\/div>\r\n        <\/div>\r\n    <\/div>\r\n<\/section>\r\n\n\n<section class=\"nk-blocks-job-positions  _vector-top _alternative _pt-5\" id=\"block-block_5af1c78b3bd3d1f43261c62c7b333ce5\">\r\n    <!-- Open Positions Section -->\r\n        <div class=\"container\">\r\n            <div class=\"row\">\r\n                <div class=\"col\">\r\n                                            <h2 class=\"title\">\r\n                            Posizioni aperte                        <\/h2>\r\n                                                                <div class=\"accordion table-responsive\" id=\"accordion-posizioni-aperte-block-block_5af1c78b3bd3d1f43261c62c7b333ce5\">\r\n                            <table class=\"table\">\r\n                                <thead>\r\n                                    <tr>\r\n                                        <th scope=\"col\">Posizione<\/th>\r\n                                        <th scope=\"col\">Area<\/th>\r\n                                        <th scope=\"col\">Location<\/th>\r\n                                    <\/tr>\r\n                                <\/thead>\r\n                                <tbody>\r\n                                                                        <tr>\r\n                                        <th scope=\"row\">Category Manager<\/th>\r\n                                        <td>Category Manager<\/td>\r\n                                        <td>Govone<\/td>\r\n                                        <td>\r\n                                            <button class=\"btn btn-accordion \" type=\"button\" data-bs-toggle=\"collapse\" data-bs-target=\"#collapse-block-block_5af1c78b3bd3d1f43261c62c7b333ce5-0\" aria-expanded=\"true\" aria-controls=\"collapse-block-block_5af1c78b3bd3d1f43261c62c7b333ce5-0\"><\/button>\r\n                                        <\/td>\r\n                                    <\/tr>\r\n                                    <tr>\r\n                                        <td colspan=\"4\">\r\n                                            <div id=\"collapse-block-block_5af1c78b3bd3d1f43261c62c7b333ce5-0\" class=\"accordion-collapse collapse show\" data-bs-parent=\"#accordion-posizioni-aperte-block-block_5af1c78b3bd3d1f43261c62c7b333ce5\">\r\n                                                <div class=\"accordion-body\">\r\n                                                    <h3>Attivit\u00e0<\/h3>\r\n                                                    <p><strong>Avvicinamento, educazione e commercio<\/strong><\/p>\n<p>Il Category Manager sar\u00e0 responsabile della <strong>gestione strategica<\/strong> e dello <strong>sviluppo commerciale<\/strong> delle categorie di prodotto assegnate all&#8217;interno del processo di acquisto. L&#8217;obiettivo primario \u00e8 massimizzare il valore, garantire la qualit\u00e0 della fornitura e ottimizzare i costi in linea con gli obiettivi aziendali.<\/p>\n<p><strong>Responsabilit\u00e0 chiave<\/strong><\/p>\n<ul>\n<li><strong>Strategia di categoria:<\/strong> Definire, implementare e monitorare le strategie di acquisto per le categorie assegnate, identificando opportunit\u00e0 di miglioramento e nuove fonti di approvvigionamento;<\/li>\n<\/ul>\n<ul>\n<li><strong>Gestione dei fornitori:<\/strong> Effettuare attivit\u00e0 di scouting, selezione e qualificazione di nuovi fornitori;<\/li>\n<\/ul>\n<ul>\n<li><strong>Gestione delle relazioni:<\/strong> Gestire le relazioni con i fornitori chiave attraverso negoziazioni periodiche di prezzi, termini di fornitura e accordi quadro;<\/li>\n<\/ul>\n<ul>\n<li><strong>Analisi e reporting:<\/strong> Condurre analisi di mercato approfondite (analisi dei costi, benchmarking, tendenze del settore) a supporto delle decisioni strategiche;<\/li>\n<\/ul>\n<ul>\n<li><strong>Monitoraggio delle prestazioni:<\/strong> Preparare report dettagliati sulle tendenze delle prestazioni di categoria;<\/li>\n<\/ul>\n<ul>\n<li><strong>Collaborazione interna:<\/strong> Lavorare a stretto contatto con il team Vendite, Collaborare con i team di Logistica e Finanza per garantire la corretta implementazione della strategia e una gestione ottimale delle scorte;<\/li>\n<\/ul>\n<ul>\n<li><strong>Budgeting:<\/strong> Contribuire alla definizione del budget di spesa annuale per le categorie assegnate e monitorarne la conformit\u00e0.<\/li>\n<\/ul>\n<p><strong>Requisiti per la posizione<\/strong><\/p>\n<p><span class=\"tvm-operation__underline\">Qualifiche e prerequisiti<\/span><\/p>\n<ul>\n<li>Minimo 3 anni di comprovata esperienza come Category Manager o Strategic Buyer, con una solida esperienza nel mondo degli acquisti;<\/li>\n<li>Laurea in Economia, Management o Ingegneria;<\/li>\n<li>Competenza nell&#8217;utilizzo di Microsoft Excel per analisi, reporting e monitoraggio dei dati di categoria;<\/li>\n<li>\u00c8 preferibile la conoscenza del sistema SAP ERP;<\/li>\n<li>Ottima conoscenza degli strumenti di Business Intelligence (BI) per l&#8217;analisi strategica dei dati e il supporto alle decisioni;<\/li>\n<li>Buona conoscenza dell&#8217;inglese (necessaria per la gestione delle relazioni con i clienti internazionali) fornitori.<\/li>\n<\/ul>\n<p><span class=\"tvm-operation__underline\">Soft Skills<\/span><\/p>\n<ul>\n<li>Forte capacit\u00e0 di lavorare in team e di costruire relazioni efficaci con colleghi e fornitori;<\/li>\n<li>Forte orientamento ai risultati ed eccellenti capacit\u00e0 di negoziazione e comunicazione;<\/li>\n<li>Capacit\u00e0 analitiche, capacit\u00e0 di problem solving e capacit\u00e0 di gestire le priorit\u00e0 in contesti dinamici.<\/li>\n<\/ul>\n                                                <\/div>\r\n                                            <\/div>\r\n                                        <\/td>\r\n                                    <\/tr>\r\n                                                                    <\/tbody>\r\n                            <\/table>\r\n                        <\/div>\r\n                                    <\/div>\r\n            <\/div>\r\n        <\/div>\r\n<\/section>\r\n\n\n\n<hr class=\"wp-block-separator has-alpha-channel-opacity\"\/>\n\n\n\n<section class=\"wp-block-group container is-layout-flow wp-block-group-is-layout-flow\">\n<h2 class=\"wp-block-heading title mb-md-4\"><br>Candidature spontanee<\/h2>\n\n\n\n<div class=\"wp-block-contact-form-7-contact-form-selector\">\n<div class=\"wpcf7 no-js\" id=\"wpcf7-f827-o1\" lang=\"it-IT\" dir=\"ltr\" data-wpcf7-id=\"827\">\n<div class=\"screen-reader-response\"><p role=\"status\" aria-live=\"polite\" aria-atomic=\"true\"><\/p> <ul><\/ul><\/div>\n<form action=\"\/it\/wp-json\/wp\/v2\/pages\/84#wpcf7-f827-o1\" method=\"post\" class=\"wpcf7-form init\" aria-label=\"Modulo di contatto\" enctype=\"multipart\/form-data\" novalidate=\"novalidate\" data-status=\"init\">\n<fieldset class=\"hidden-fields-container\"><input type=\"hidden\" name=\"_wpcf7\" value=\"827\" \/><input type=\"hidden\" name=\"_wpcf7_version\" value=\"6.1.4\" \/><input type=\"hidden\" name=\"_wpcf7_locale\" value=\"it_IT\" \/><input type=\"hidden\" name=\"_wpcf7_unit_tag\" value=\"wpcf7-f827-o1\" \/><input type=\"hidden\" name=\"_wpcf7_container_post\" value=\"0\" \/><input type=\"hidden\" name=\"_wpcf7_posted_data_hash\" value=\"\" \/>\n<\/fieldset>\n<div class=\"row\">\n\n    <div class=\"col-12 my-3\">\n        <span class=\"wpcf7-form-control-wrap\" data-name=\"area\"><select class=\"wpcf7-form-control wpcf7-select wpcf7-validates-as-required form-select\" id=\"selectArea\" aria-required=\"true\" aria-invalid=\"false\" name=\"area\"><option value=\"Selezionare un&#039;area\">Selezionare un&#039;area<\/option><option value=\"One\">One<\/option><option value=\"Two\">Two<\/option><option value=\"Three\">Three<\/option><\/select><\/span>\n    <\/div>\n\n    <div class=\"col-md-6 form-floating mb-3\">\n        <span class=\"wpcf7-form-control-wrap\" data-name=\"nome\"><input size=\"40\" maxlength=\"400\" class=\"wpcf7-form-control wpcf7-text wpcf7-validates-as-required form-control\" id=\"floatingNome\" aria-required=\"true\" aria-invalid=\"false\" placeholder=\"Nome\" value=\"\" type=\"text\" name=\"nome\" \/><\/span>\n        <label for=\"floatingNome\">Nome<\/label>\n    <\/div>\n\n    <div class=\"col-md-6 form-floating mb-3\">\n        <span class=\"wpcf7-form-control-wrap\" data-name=\"cognome\"><input size=\"40\" maxlength=\"400\" class=\"wpcf7-form-control wpcf7-text wpcf7-validates-as-required form-control\" id=\"floatingCognome\" aria-required=\"true\" aria-invalid=\"false\" placeholder=\"Cognome\" value=\"\" type=\"text\" name=\"cognome\" \/><\/span>\n        <label for=\"floatingCognome\">Cognome<\/label>\n    <\/div>\n\n    <div class=\"col-md-6 form-floating mb-3\">\n        <span class=\"wpcf7-form-control-wrap\" data-name=\"email\"><input size=\"40\" maxlength=\"400\" class=\"wpcf7-form-control wpcf7-email wpcf7-validates-as-required wpcf7-text wpcf7-validates-as-email form-control\" id=\"floatingEmail\" aria-required=\"true\" aria-invalid=\"false\" placeholder=\"Email\" value=\"\" type=\"email\" name=\"email\" \/><\/span>\n        <label for=\"floatingEmail\">Email<\/label>\n    <\/div>\n\n<div class=\"col-md-6 mb-3\">\n    <span class=\"wpcf7-form-control-wrap\" data-name=\"provincia\"><select class=\"wpcf7-form-control wpcf7-select wpcf7-validates-as-required form-select\" id=\"selectProvincia\" aria-required=\"true\" aria-invalid=\"false\" name=\"provincia\"><option value=\"Seleziona provincia\">Seleziona provincia<\/option><option value=\"Agrigento\">Agrigento<\/option><option value=\"Alessandria\">Alessandria<\/option><option value=\"Ancona\">Ancona<\/option><option value=\"Aosta\">Aosta<\/option><option value=\"Arezzo\">Arezzo<\/option><option value=\"Ascoli Piceno\">Ascoli Piceno<\/option><option value=\"Asti\">Asti<\/option><option value=\"Avellino\">Avellino<\/option><option value=\"Bari\">Bari<\/option><option value=\"Belluno\">Belluno<\/option><option value=\"Benevento\">Benevento<\/option><option value=\"Bergamo\">Bergamo<\/option><option value=\"Biella\">Biella<\/option><option value=\"Bologna\">Bologna<\/option><option value=\"Bolzano\">Bolzano<\/option><option value=\"Brescia\">Brescia<\/option><option value=\"Brindisi\">Brindisi<\/option><option value=\"Cagliari\">Cagliari<\/option><option value=\"Caltanissetta\">Caltanissetta<\/option><option value=\"Campobasso\">Campobasso<\/option><option value=\"Caserta\">Caserta<\/option><option value=\"Catania\">Catania<\/option><option value=\"Catanzaro\">Catanzaro<\/option><option value=\"Chieti\">Chieti<\/option><option value=\"Como\">Como<\/option><option value=\"Cosenza\">Cosenza<\/option><option value=\"Cremona\">Cremona<\/option><option value=\"Crotone\">Crotone<\/option><option value=\"Cuneo\">Cuneo<\/option><option value=\"Enna\">Enna<\/option><option value=\"Ferrara\">Ferrara<\/option><option value=\"Firenze\">Firenze<\/option><option value=\"Foggia\">Foggia<\/option><option value=\"Forl\u00ec-Cesena\">Forl\u00ec-Cesena<\/option><option value=\"Frosinone\">Frosinone<\/option><option value=\"Genova\">Genova<\/option><option value=\"Gorizia\">Gorizia<\/option><option value=\"Grosseto\">Grosseto<\/option><option value=\"Imperia\">Imperia<\/option><option value=\"Isernia\">Isernia<\/option><option value=\"La Spezia\">La Spezia<\/option><option value=\"L&#039;Aquila\">L&#039;Aquila<\/option><option value=\"Latina\">Latina<\/option><option value=\"Lecce\">Lecce<\/option><option value=\"Lecco\">Lecco<\/option><option value=\"Livorno\">Livorno<\/option><option value=\"Lodi\">Lodi<\/option><option value=\"Lucca\">Lucca<\/option><option value=\"Macerata\">Macerata<\/option><option value=\"Mantova\">Mantova<\/option><option value=\"Massa-Carrara\">Massa-Carrara<\/option><option value=\"Matera\">Matera<\/option><option value=\"Messina\">Messina<\/option><option value=\"Milano\">Milano<\/option><option value=\"Modena\">Modena<\/option><option value=\"Napoli\">Napoli<\/option><option value=\"Novara\">Novara<\/option><option value=\"Nuoro\">Nuoro<\/option><option value=\"Oristano\">Oristano<\/option><option value=\"Padova\">Padova<\/option><option value=\"Palermo\">Palermo<\/option><option value=\"Parma\">Parma<\/option><option value=\"Pavia\">Pavia<\/option><option value=\"Perugia\">Perugia<\/option><option value=\"Pesaro e Urbino\">Pesaro e Urbino<\/option><option value=\"Pescara\">Pescara<\/option><option value=\"Piacenza\">Piacenza<\/option><option value=\"Pisa\">Pisa<\/option><option value=\"Pistoia\">Pistoia<\/option><option value=\"Pordenone\">Pordenone<\/option><option value=\"Potenza\">Potenza<\/option><option value=\"Prato\">Prato<\/option><option value=\"Ragusa\">Ragusa<\/option><option value=\"Ravenna\">Ravenna<\/option><option value=\"Reggio di Calabria\">Reggio di Calabria<\/option><option value=\"Reggio nell&#039;Emilia\">Reggio nell&#039;Emilia<\/option><option value=\"Rieti\">Rieti<\/option><option value=\"Rimini\">Rimini<\/option><option value=\"Roma\">Roma<\/option><option value=\"Rovigo\">Rovigo<\/option><option value=\"Salerno\">Salerno<\/option><option value=\"Sassari\">Sassari<\/option><option value=\"Savona\">Savona<\/option><option value=\"Siena\">Siena<\/option><option value=\"Siracusa\">Siracusa<\/option><option value=\"Sondrio\">Sondrio<\/option><option value=\"Taranto\">Taranto<\/option><option value=\"Teramo\">Teramo<\/option><option value=\"Terni\">Terni<\/option><option value=\"Torino\">Torino<\/option><option value=\"Trapani\">Trapani<\/option><option value=\"Trento\">Trento<\/option><option value=\"Treviso\">Treviso<\/option><option value=\"Trieste\">Trieste<\/option><option value=\"Udine\">Udine<\/option><option value=\"Varese\">Varese<\/option><option value=\"Venezia\">Venezia<\/option><option value=\"Verbano-Cusio-Ossola\">Verbano-Cusio-Ossola<\/option><option value=\"Vercelli\">Vercelli<\/option><option value=\"Verona\">Verona<\/option><option value=\"Vibo Valentia\">Vibo Valentia<\/option><option value=\"Vicenza\">Vicenza<\/option><option value=\"Viterbo\">Viterbo<\/option><\/select><\/span>\n<\/div>\n\n\n    <div class=\"col-12 form-floating mb-3\">\n        <span class=\"wpcf7-form-control-wrap\" data-name=\"messaggio\"><textarea cols=\"40\" rows=\"10\" maxlength=\"2000\" class=\"wpcf7-form-control wpcf7-textarea form-control\" id=\"floatingMessaggio\" aria-invalid=\"false\" placeholder=\"Messaggio\" name=\"messaggio\"><\/textarea><\/span>\n        <label for=\"floatingMessaggio\">Messaggio<\/label>\n    <\/div>\n\n    <div class=\"col-12 mb-3\">\n        <label for=\"formFile\" class=\"form-label\">Carica CV<\/label>\n        <span class=\"wpcf7-form-control-wrap\" data-name=\"cv\"><input size=\"40\" class=\"wpcf7-form-control wpcf7-file wpcf7-validates-as-required form-control\" id=\"formFile\" accept=\".pdf\" aria-required=\"true\" aria-invalid=\"false\" type=\"file\" name=\"cv\" \/><\/span>\n        <div class=\"form-text\">Max 2Mb, formato ammesso .pdf<\/div>\n    <\/div>\n\n    <div class=\"col-12 mb-3\">\n        <div class=\"form-check\">\n            <span class=\"wpcf7-form-control-wrap\" data-name=\"accetto\"><span class=\"wpcf7-form-control wpcf7-acceptance\"><span class=\"wpcf7-list-item\"><input type=\"checkbox\" name=\"accetto\" value=\"1\" class=\"form-check-input\" id=\"formAccetto\" aria-invalid=\"false\" \/><\/span><\/span><\/span>\n            <label class=\"form-check-label\" for=\"formAccetto\">Accetto<\/label>\n            <div class=\"form-text\">\n                Accetto i termini della privacy policy. Prima di inviare il form dichiaro di aver letto attentamente\n                <a href=\"\/privacy-policy\" target=\"_blank\">\n                    informativa sul trattamento dei dati personali ex art. 13-14 Reg.to UE 2016\/679\n                <\/a>\n            <\/div>\n        <\/div>\n    <\/div>\n\n    <div class=\"col-12 mb-3\">\n        <input class=\"wpcf7-form-control wpcf7-submit has-spinner btn btn-secondary\" type=\"submit\" value=\"Invia Candidatura\" \/>\n    <\/div>\n\n<\/div><div class=\"wpcf7-response-output\" aria-hidden=\"true\"><\/div>\n<\/form>\n<\/div>\n<\/div>\n<\/section>\n","protected":false},"excerpt":{"rendered":"<p>Candidature spontanee<\/p>\n","protected":false},"author":2,"featured_media":0,"parent":0,"menu_order":0,"comment_status":"closed","ping_status":"closed","template":"","meta":{"_acf_changed":false,"inline_featured_image":false,"footnotes":""},"class_list":["post-84","page","type-page","status-publish","hentry"],"acf":[],"_links":{"self":[{"href":"https:\/\/nk.comunicazione.co\/it\/wp-json\/wp\/v2\/pages\/84","targetHints":{"allow":["GET"]}}],"collection":[{"href":"https:\/\/nk.comunicazione.co\/it\/wp-json\/wp\/v2\/pages"}],"about":[{"href":"https:\/\/nk.comunicazione.co\/it\/wp-json\/wp\/v2\/types\/page"}],"author":[{"embeddable":true,"href":"https:\/\/nk.comunicazione.co\/it\/wp-json\/wp\/v2\/users\/2"}],"replies":[{"embeddable":true,"href":"https:\/\/nk.comunicazione.co\/it\/wp-json\/wp\/v2\/comments?post=84"}],"version-history":[{"count":19,"href":"https:\/\/nk.comunicazione.co\/it\/wp-json\/wp\/v2\/pages\/84\/revisions"}],"predecessor-version":[{"id":1169,"href":"https:\/\/nk.comunicazione.co\/it\/wp-json\/wp\/v2\/pages\/84\/revisions\/1169"}],"wp:attachment":[{"href":"https:\/\/nk.comunicazione.co\/it\/wp-json\/wp\/v2\/media?parent=84"}],"curies":[{"name":"wp","href":"https:\/\/api.w.org\/{rel}","templated":true}]}}